{"id":369,"date":"2020-07-27T12:38:52","date_gmt":"2020-07-27T12:38:52","guid":{"rendered":"https:\/\/www.almadeempresa.com\/?page_id=369"},"modified":"2021-05-05T11:32:21","modified_gmt":"2021-05-05T11:32:21","slug":"sobre-nosotros","status":"publish","type":"page","link":"https:\/\/www.almadeempresa.com\/index.php\/sobre-nosotros\/","title":{"rendered":"SOBRE MI"},"content":{"rendered":"\t\t<div data-elementor-type=\"wp-page\" data-elementor-id=\"369\" class=\"elementor elementor-369\" data-elementor-settings=\"[]\">\n\t\t\t<div class=\"elementor-inner\">\n\t\t\t\t<div class=\"elementor-section-wrap\">\n\t\t\t\t\t\t\t<section class=\"elementor-element elementor-element-089083f elementor-section-boxed elementor-section-height-default elementor-section-height-default elementor-section elementor-top-section\" data-id=\"089083f\" data-element_type=\"section\">\n\t\t\t\t\t\t<div class=\"elementor-container elementor-column-gap-default\">\n\t\t\t\t<div class=\"elementor-row\">\n\t\t\t\t<div class=\"elementor-element elementor-element-062574b elementor-column elementor-col-100 elementor-top-column\" data-id=\"062574b\" data-element_type=\"column\">\n\t\t\t<div class=\"elementor-column-wrap  elementor-element-populated\">\n\t\t\t\t\t<div class=\"elementor-widget-wrap\">\n\t\t\t\t<div class=\"elementor-element elementor-element-fa1f2be elementor-widget elementor-widget-text-editor\" data-id=\"fa1f2be\" data-element_type=\"widget\" data-widget_type=\"text-editor.default\">\n\t\t\t\t<div class=\"elementor-widget-container\">\n\t\t\t\t\t<div class=\"elementor-text-editor elementor-clearfix\"><p style=\"text-align: center;\">&#8220;El trabajo en equipo es la habilidad de trabajar juntos con un objetivo en com\u00fan, la habilidad de lograr logros personales relacionados con los objetivos empresariales, la gasolina que permite a la gente com\u00fan lograr resultados no comunes.\u201d<\/p><p style=\"text-align: center;\">&#8211; Andrew Carnegie &#8211;<\/p><\/div>\n\t\t\t\t<\/div>\n\t\t\t\t<\/div>\n\t\t\t\t\t\t<\/div>\n\t\t\t<\/div>\n\t\t<\/div>\n\t\t\t\t\t\t<\/div>\n\t\t\t<\/div>\n\t\t<\/section>\n\t\t\t\t<section class=\"elementor-element elementor-element-73aaf3e elementor-section-boxed elementor-section-height-default elementor-section-height-default elementor-section elementor-top-section\" data-id=\"73aaf3e\" data-element_type=\"section\">\n\t\t\t\t\t\t<div class=\"elementor-container elementor-column-gap-default\">\n\t\t\t\t<div class=\"elementor-row\">\n\t\t\t\t<div class=\"elementor-element elementor-element-fd4f772 elementor-column elementor-col-100 elementor-top-column\" data-id=\"fd4f772\" data-element_type=\"column\">\n\t\t\t<div class=\"elementor-column-wrap  elementor-element-populated\">\n\t\t\t\t\t<div class=\"elementor-widget-wrap\">\n\t\t\t\t<div class=\"elementor-element elementor-element-1e6cb28 elementor-widget elementor-widget-divider\" data-id=\"1e6cb28\" data-element_type=\"widget\" data-widget_type=\"divider.default\">\n\t\t\t\t<div class=\"elementor-widget-container\">\n\t\t\t\t\t<div class=\"elementor-divider\">\n\t\t\t<span class=\"elementor-divider-separator\">\n\t\t\t\t\t\t<\/span>\n\t\t<\/div>\n\t\t\t\t<\/div>\n\t\t\t\t<\/div>\n\t\t\t\t\t\t<\/div>\n\t\t\t<\/div>\n\t\t<\/div>\n\t\t\t\t\t\t<\/div>\n\t\t\t<\/div>\n\t\t<\/section>\n\t\t\t\t<section class=\"elementor-element elementor-element-f3a9c4f elementor-section-boxed elementor-section-height-default elementor-section-height-default elementor-section elementor-top-section\" data-id=\"f3a9c4f\" data-element_type=\"section\">\n\t\t\t\t\t\t<div class=\"elementor-container elementor-column-gap-default\">\n\t\t\t\t<div class=\"elementor-row\">\n\t\t\t\t<div class=\"elementor-element elementor-element-616aaad elementor-column elementor-col-33 elementor-top-column\" data-id=\"616aaad\" data-element_type=\"column\">\n\t\t\t<div class=\"elementor-column-wrap  elementor-element-populated\">\n\t\t\t\t\t<div class=\"elementor-widget-wrap\">\n\t\t\t\t<div class=\"elementor-element elementor-element-ac75c58 elementor-widget elementor-widget-image\" data-id=\"ac75c58\" data-element_type=\"widget\" data-widget_type=\"image.default\">\n\t\t\t\t<div class=\"elementor-widget-container\">\n\t\t\t\t\t<div class=\"elementor-image\">\n\t\t\t\t\t\t\t\t\t\t<img loading=\"lazy\" decoding=\"async\" width=\"690\" height=\"690\" src=\"https:\/\/www.almadeempresa.com\/wp-content\/uploads\/2019\/09\/descarga.png\" class=\"attachment-large size-large\" alt=\"\" srcset=\"https:\/\/www.almadeempresa.com\/wp-content\/uploads\/2019\/09\/descarga.png 690w, https:\/\/www.almadeempresa.com\/wp-content\/uploads\/2019\/09\/descarga-150x150.png 150w, https:\/\/www.almadeempresa.com\/wp-content\/uploads\/2019\/09\/descarga-300x300.png 300w\" sizes=\"(max-width: 690px) 100vw, 690px\" \/>\t\t\t\t\t\t\t\t\t\t\t<\/div>\n\t\t\t\t<\/div>\n\t\t\t\t<\/div>\n\t\t\t\t\t\t<\/div>\n\t\t\t<\/div>\n\t\t<\/div>\n\t\t\t\t<div class=\"elementor-element elementor-element-878b3c2 elementor-column elementor-col-66 elementor-top-column\" data-id=\"878b3c2\" data-element_type=\"column\">\n\t\t\t<div class=\"elementor-column-wrap  elementor-element-populated\">\n\t\t\t\t\t<div class=\"elementor-widget-wrap\">\n\t\t\t\t<div class=\"elementor-element elementor-element-e433618 elementor-widget elementor-widget-text-editor\" data-id=\"e433618\" data-element_type=\"widget\" data-widget_type=\"text-editor.default\">\n\t\t\t\t<div class=\"elementor-widget-container\">\n\t\t\t\t\t<div class=\"elementor-text-editor elementor-clearfix\"><p>Alejandro Gonz\u00e1lez C\u00e1novas, Preparador de Entrevistas para Opositores y especialista en trabajo.\u00a0<\/p><p>Graduado en Relaciones Laborales y Recursos Humanos por la Universidad de Granada (UGR) y M\u00e1ster en Recursos Humanos y Gesti\u00f3n del Talento por la Universidad Camilo Jos\u00e9 Cela (UCJC). Cuento con experiencia profesional en distintas t\u00e9cnicas de Selecci\u00f3n de Personal, Desarrollo de Recursos Humanos y Formaci\u00f3n. Adem\u00e1s, poseo varias publicaciones en revistas cient\u00edficas y comunicaciones en Congresos de la rama de la Psicolog\u00eda Social y del Trabajo. Actualmente, desempe\u00f1o el puesto de Coordinador para Telef\u00f3nica en los proyectos de Melilla FormaTIC y Melilla SecureTIC, adem\u00e1s de ser preparador del \u00c1rea Socioprofesional del curso de Vigilantes de Seguridad Privada y especialidades en Grupo G8 Outsourcing.\u00a0<\/p><p style=\"text-align: center;\">&#8220;Elige un trabajo que te guste y no tendr\u00e1s que trabajar ni un d\u00eda en tu vida.&#8221;<\/p><p style=\"text-align: center;\">&#8211; Confucio &#8211;<\/p><\/div>\n\t\t\t\t<\/div>\n\t\t\t\t<\/div>\n\t\t\t\t\t\t<\/div>\n\t\t\t<\/div>\n\t\t<\/div>\n\t\t\t\t\t\t<\/div>\n\t\t\t<\/div>\n\t\t<\/section>\n\t\t\t\t<section class=\"elementor-element elementor-element-0953bc4 elementor-section-boxed elementor-section-height-default elementor-section-height-default elementor-section elementor-top-section\" data-id=\"0953bc4\" data-element_type=\"section\">\n\t\t\t\t\t\t<div class=\"elementor-container elementor-column-gap-default\">\n\t\t\t\t<div class=\"elementor-row\">\n\t\t\t\t<div class=\"elementor-element elementor-element-d4b7df3 elementor-column elementor-col-100 elementor-top-column\" data-id=\"d4b7df3\" data-element_type=\"column\">\n\t\t\t<div class=\"elementor-column-wrap  elementor-element-populated\">\n\t\t\t\t\t<div class=\"elementor-widget-wrap\">\n\t\t\t\t<div class=\"elementor-element elementor-element-136a019 elementor-widget elementor-widget-divider\" data-id=\"136a019\" data-element_type=\"widget\" data-widget_type=\"divider.default\">\n\t\t\t\t<div class=\"elementor-widget-container\">\n\t\t\t\t\t<div class=\"elementor-divider\">\n\t\t\t<span class=\"elementor-divider-separator\">\n\t\t\t\t\t\t<\/span>\n\t\t<\/div>\n\t\t\t\t<\/div>\n\t\t\t\t<\/div>\n\t\t\t\t\t\t<\/div>\n\t\t\t<\/div>\n\t\t<\/div>\n\t\t\t\t\t\t<\/div>\n\t\t\t<\/div>\n\t\t<\/section>\n\t\t\t\t<section class=\"elementor-element elementor-element-0527af1 elementor-section-boxed elementor-section-height-default elementor-section-height-default elementor-section elementor-top-section\" data-id=\"0527af1\" data-element_type=\"section\">\n\t\t\t\t\t\t<div class=\"elementor-container elementor-column-gap-default\">\n\t\t\t\t<div class=\"elementor-row\">\n\t\t\t\t<div class=\"elementor-element elementor-element-19a512b elementor-column elementor-col-100 elementor-top-column\" data-id=\"19a512b\" data-element_type=\"column\">\n\t\t\t<div class=\"elementor-column-wrap  elementor-element-populated\">\n\t\t\t\t\t<div class=\"elementor-widget-wrap\">\n\t\t\t\t<div class=\"elementor-element elementor-element-09a7bc2 elementor-widget elementor-widget-image\" data-id=\"09a7bc2\" data-element_type=\"widget\" data-widget_type=\"image.default\">\n\t\t\t\t<div class=\"elementor-widget-container\">\n\t\t\t\t\t<div class=\"elementor-image\">\n\t\t\t\t\t\t\t\t\t\t<img loading=\"lazy\" decoding=\"async\" width=\"961\" height=\"239\" src=\"https:\/\/www.almadeempresa.com\/wp-content\/uploads\/2021\/05\/Captura.png\" class=\"attachment-large size-large\" alt=\"\" srcset=\"https:\/\/www.almadeempresa.com\/wp-content\/uploads\/2021\/05\/Captura.png 961w, https:\/\/www.almadeempresa.com\/wp-content\/uploads\/2021\/05\/Captura-300x75.png 300w, https:\/\/www.almadeempresa.com\/wp-content\/uploads\/2021\/05\/Captura-768x191.png 768w\" sizes=\"(max-width: 961px) 100vw, 961px\" \/>\t\t\t\t\t\t\t\t\t\t\t<\/div>\n\t\t\t\t<\/div>\n\t\t\t\t<\/div>\n\t\t\t\t\t\t<\/div>\n\t\t\t<\/div>\n\t\t<\/div>\n\t\t\t\t\t\t<\/div>\n\t\t\t<\/div>\n\t\t<\/section>\n\t\t\t\t\t\t<\/div>\n\t\t\t<\/div>\n\t\t<\/div>\n\t\t","protected":false},"excerpt":{"rendered":"<p>&#8220;El trabajo en equipo es la habilidad de trabajar juntos con un objetivo en com\u00fan, la habilidad de lograr logros personales relacionados con los objetivos empresariales, la gasolina que permite a la gente com\u00fan lograr resultados no comunes.\u201d &#8211; Andrew Carnegie &#8211; Alejandro Gonz\u00e1lez C\u00e1novas, Preparador de Entrevistas para Opositores y especialista en trabajo.\u00a0 Graduado &#8230; <a title=\"SOBRE MI\" class=\"read-more\" href=\"https:\/\/www.almadeempresa.com\/index.php\/sobre-nosotros\/\" aria-label=\"M\u00e1s en SOBRE MI\">Leer m\u00e1s<\/a><\/p>\n","protected":false},"author":1,"featured_media":0,"parent":0,"menu_order":0,"comment_status":"closed","ping_status":"closed","template":"elementor_header_footer","meta":{"footnotes":""},"_links":{"self":[{"href":"https:\/\/www.almadeempresa.com\/index.php\/wp-json\/wp\/v2\/pages\/369"}],"collection":[{"href":"https:\/\/www.almadeempresa.com\/index.php\/wp-json\/wp\/v2\/pages"}],"about":[{"href":"https:\/\/www.almadeempresa.com\/index.php\/wp-json\/wp\/v2\/types\/page"}],"author":[{"embeddable":true,"href":"https:\/\/www.almadeempresa.com\/index.php\/wp-json\/wp\/v2\/users\/1"}],"replies":[{"embeddable":true,"href":"https:\/\/www.almadeempresa.com\/index.php\/wp-json\/wp\/v2\/comments?post=369"}],"version-history":[{"count":43,"href":"https:\/\/www.almadeempresa.com\/index.php\/wp-json\/wp\/v2\/pages\/369\/revisions"}],"predecessor-version":[{"id":559,"href":"https:\/\/www.almadeempresa.com\/index.php\/wp-json\/wp\/v2\/pages\/369\/revisions\/559"}],"wp:attachment":[{"href":"https:\/\/www.almadeempresa.com\/index.php\/wp-json\/wp\/v2\/media?parent=369"}],"curies":[{"name":"wp","href":"https:\/\/api.w.org\/{rel}","templated":true}]}}